{"id":7,"date":"2018-03-28T23:09:42","date_gmt":"2018-03-28T21:09:42","guid":{"rendered":"http:\/\/kador.com.pl\/?page_id=7"},"modified":"2018-05-07T21:24:17","modified_gmt":"2018-05-07T19:24:17","slug":"strona-glowna","status":"publish","type":"page","link":"http:\/\/kador.com.pl\/","title":{"rendered":"Strona g\u0142\u00f3wna"},"content":{"rendered":"<p>[et_pb_section bb_built=&#8221;1&#8243; next_background_color=&#8221;#000000&#8243;][et_pb_row][et_pb_column type=&#8221;1_3&#8243;][et_pb_image _builder_version=&#8221;3.0.106&#8243; src=&#8221;http:\/\/kador.com.pl\/wp-content\/uploads\/2018\/03\/stockxpertcom_id55166_size0.jpg&#8221; show_in_lightbox=&#8221;off&#8221; url_new_window=&#8221;off&#8221; use_overlay=&#8221;off&#8221; always_center_on_mobile=&#8221;on&#8221; force_fullwidth=&#8221;off&#8221; show_bottom_space=&#8221;on&#8221; align=&#8221;center&#8221; border_radii=&#8221;on|10px|10px|10px|10px&#8221; \/][\/et_pb_column][et_pb_column type=&#8221;2_3&#8243;][et_pb_text _builder_version=&#8221;3.0.106&#8243; background_layout=&#8221;light&#8221;]<\/p>\n<p>Hurtownia <strong>KADOR<\/strong> istnieje ju\u017c od przesz\u0142o 20lat, co czyni nas hurtowni\u0105 po\u0144czosznicz\u0105 o najbogatszej tradycji w regionie.<\/p>\n<p>Hurtownia powsta\u0142a jako firma rodzinna, kt\u00f3rej misj\u0105 jest Sztuka sprzeda\u017cy pozwalaj\u0105ca naszym odbiorcom na osi\u0105gnie jak najlepszych efekt\u00f3w rynkowych. D\u0142ugoletnim do\u015bwiadczeniem dzielimy si\u0119 z rzesz\u0105 wiernych klient\u00f3w oraz gronem os\u00f3b dopiero rozpoczynaj\u0105cych dzia\u0142alno\u015b\u0107 gospodarcz\u0105 zwi\u0105zan\u0105 z bran\u017c\u0105, kt\u00f3ra reprezentujemy.<\/p>\n<p>W ci\u0105gu dw\u00f3ch dekad zaufa\u0142o nam wielu znanych i cenionych producent\u00f3w oraz importer\u00f3w, czyni\u0105c nas swoimi przedstawicielami w regionie. W rezultacie ceny przez nas proponowane mile Pa\u0144stwa zaskocz\u0105.<\/p>\n<p>Stali odbiorcy mog\u0105 liczy\u0107 na korzystne rabaty. Has\u0142o: \u201eSprzedajemy to , co najbli\u017cej Pa\u0144stwa cia\u0142a\u201d znajduje odzwierciedlenie w najwy\u017cszej jako\u015bci oferowanych produkt\u00f3w.<\/p>\n<p>Bogata oferta <strong>KADOR<\/strong> to ciekawe kolekcje damskie, m\u0119skie, m\u0142odzie\u017cowe i dzieci\u0119ce. Zawsze proponujemy szerok\u0105 gam\u0119 artyku\u0142\u00f3w utrzymanych w stylu klasycznym, dodatkowo znajomo\u015b\u0107 najnowszych obowi\u0105zuj\u0105cych trend\u00f3w bieli\u017aniarskich i po\u0144czoszniczych pozwala nam z sukcesami wprowadzi\u0107 je na rynek w kolejnych sezonach.<\/p>\n<p>[\/et_pb_text][\/et_pb_column][\/et_pb_row][\/et_pb_section][et_pb_section bb_built=&#8221;1&#8243; fullwidth=&#8221;off&#8221; specialty=&#8221;off&#8221; prev_background_color=&#8221;#000000&#8243; next_background_color=&#8221;#000000&#8243; _builder_version=&#8221;3.0.106&#8243; module_id=&#8221;oferta&#8221;][et_pb_row][et_pb_column type=&#8221;4_4&#8243;][et_pb_text _builder_version=&#8221;3.0.106&#8243; background_layout=&#8221;light&#8221; text_orientation=&#8221;center&#8221; header_text_align=&#8221;center&#8221; header_text_color=&#8221;#a83800&#8243;]<\/p>\n<h1>OFERTA<\/h1>\n<p>[\/et_pb_text][\/et_pb_column][\/et_pb_row][et_pb_row][et_pb_column type=&#8221;1_3&#8243;][et_pb_blurb admin_label=&#8221;rajstopy&#8221; _builder_version=&#8221;3.0.106&#8243; title=&#8221;Rajstopy&#8221; url_new_window=&#8221;off&#8221; use_icon=&#8221;off&#8221; use_circle=&#8221;off&#8221; use_circle_border=&#8221;off&#8221; icon_placement=&#8221;top&#8221; use_icon_font_size=&#8221;off&#8221; background_layout=&#8221;light&#8221; image=&#8221;http:\/\/kador.com.pl\/wp-content\/uploads\/2018\/03\/rajstopy.jpg&#8221; border_radii_image=&#8221;on|20px|20px|20px|20px&#8221; text_orientation=&#8221;center&#8221; header_text_align=&#8221;center&#8221; header_level=&#8221;h1&#8243; box_shadow_style_image=&#8221;preset1&#8243;]<\/p>\n<p style=\"text-align: center;\">Oferujemy rajstopy elastilowe, ze streczu, lycry, mikrofibry, koryguj\u0105ce sylwetk\u0119 oraz ca\u0142\u0105 gam\u0119 kabaretek i rajstop wzorzystych.<\/p>\n<p style=\"text-align: center;\"><strong>Oferta obejmuje wszystkie rozmiary i grubo\u015bci.<\/strong><\/p>\n<p>[\/et_pb_blurb][\/et_pb_column][et_pb_column type=&#8221;1_3&#8243;][et_pb_blurb admin_label=&#8221;bielizna&#8221; _builder_version=&#8221;3.0.106&#8243; title=&#8221;Bielizna&#8221; url_new_window=&#8221;off&#8221; use_icon=&#8221;off&#8221; use_circle=&#8221;off&#8221; use_circle_border=&#8221;off&#8221; icon_placement=&#8221;top&#8221; use_icon_font_size=&#8221;off&#8221; background_layout=&#8221;light&#8221; image=&#8221;http:\/\/kador.com.pl\/wp-content\/uploads\/2018\/03\/bielizna.jpg&#8221; border_radii_image=&#8221;on|20px|20px|20px|20px&#8221; text_orientation=&#8221;center&#8221; header_text_align=&#8221;center&#8221; header_level=&#8221;h1&#8243; box_shadow_style_image=&#8221;preset1&#8243;]<\/p>\n<p style=\"text-align: center;\">Oferta obejmuje bielizn\u0119 damsk\u0105, m\u0119sk\u0105, m\u0142odzie\u017cow\u0105 i dzieci\u0119c\u0105. Znajd\u0105 tu Pa\u0144stwo figi, stringi, slipy, boxerki, szorty, pi\u017camki, koszulki, podkoszulki, bluzki, topy, t-shirty w najr\u00f3\u017cniejszych fasonach i bogatej kolorystyce.<\/p>\n<p>[\/et_pb_blurb][\/et_pb_column][et_pb_column type=&#8221;1_3&#8243;][et_pb_blurb admin_label=&#8221;skarpety&#8221; _builder_version=&#8221;3.0.106&#8243; title=&#8221;Skarpety&#8221; url_new_window=&#8221;off&#8221; use_icon=&#8221;off&#8221; use_circle=&#8221;off&#8221; use_circle_border=&#8221;off&#8221; icon_placement=&#8221;top&#8221; use_icon_font_size=&#8221;off&#8221; background_layout=&#8221;light&#8221; image=&#8221;http:\/\/kador.com.pl\/wp-content\/uploads\/2018\/03\/skarpety.jpg&#8221; border_radii_image=&#8221;on|20px|20px|20px|20px&#8221; text_orientation=&#8221;center&#8221; header_text_align=&#8221;center&#8221; header_level=&#8221;h1&#8243; box_shadow_style_image=&#8221;preset1&#8243;]<\/p>\n<p style=\"text-align: center;\">Zach\u0119camy do zakupu skarpet pocz\u0105wszy od modnych w danym sezonie wzor\u00f3w i kolor\u00f3w po stonowane i klasyczne skarpety garniturowe wykonane\u00a0 z odpowiadaj\u0105cych Pa\u0144stwu surowc\u00f3w. Polecamy r\u00f3wnie\u017c skarpety antypo\u015blizgowe i bezuciskowe. oferujemy produkty we wszystkich rozmiarach, o zr\u00f3\u017cnicowanej grubo\u015bci.<\/p>\n<p>&nbsp;<\/p>\n<p>[\/et_pb_blurb][\/et_pb_column][\/et_pb_row][et_pb_row][et_pb_column type=&#8221;1_4&#8243;][et_pb_blurb admin_label=&#8221;kostiumy&#8221; _builder_version=&#8221;3.0.106&#8243; title=&#8221;Kostiumy k\u0105pielowe&#8221; url_new_window=&#8221;off&#8221; use_icon=&#8221;off&#8221; use_circle=&#8221;off&#8221; use_circle_border=&#8221;off&#8221; icon_placement=&#8221;top&#8221; use_icon_font_size=&#8221;off&#8221; background_layout=&#8221;light&#8221; image=&#8221;http:\/\/kador.com.pl\/wp-content\/uploads\/2018\/03\/kostiumy.jpg&#8221; border_radii_image=&#8221;on|20px|20px|20px|20px&#8221; text_orientation=&#8221;center&#8221; header_text_align=&#8221;center&#8221; header_level=&#8221;h1&#8243; box_shadow_style_image=&#8221;preset1&#8243;]<\/p>\n<p style=\"text-align: center;\">Oferujemy kostiumy damskie jedno i dwucz\u0119\u015bciowe, dla Pan\u00f3w proponujemy k\u0105piel\u00f3wki &#8211; slipy, boxerki, szorty &#8211; wykonane z najlepszych surowc\u00f3w z dodatkiem lycry.<\/p>\n<p>[\/et_pb_blurb][\/et_pb_column][et_pb_column type=&#8221;1_4&#8243;][et_pb_blurb admin_label=&#8221;topy&#8221; _builder_version=&#8221;3.0.106&#8243; title=&#8221;Topy, Bluzki, Zestawy&#8221; url_new_window=&#8221;off&#8221; use_icon=&#8221;off&#8221; use_circle=&#8221;off&#8221; use_circle_border=&#8221;off&#8221; icon_placement=&#8221;top&#8221; use_icon_font_size=&#8221;off&#8221; background_layout=&#8221;light&#8221; image=&#8221;http:\/\/kador.com.pl\/wp-content\/uploads\/2018\/03\/topy.jpg&#8221; border_radii_image=&#8221;on|20px|20px|20px|20px&#8221; text_orientation=&#8221;center&#8221; header_text_align=&#8221;center&#8221; header_level=&#8221;h1&#8243; box_shadow_style_image=&#8221;preset1&#8243;]<\/p>\n<p style=\"text-align: center;\">Zach\u0119camy do zapoznania si\u0119 z ofert\u0105 top\u00f3w, bluzek, koszulek, podkoszulek, T-shirt\u00f3w oraz zestaw\u00f3w damskich i pi\u017camek.<\/p>\n<p>[\/et_pb_blurb][\/et_pb_column][et_pb_column type=&#8221;1_4&#8243;][et_pb_blurb admin_label=&#8221;sezonowe&#8221; _builder_version=&#8221;3.0.106&#8243; title=&#8221;Artyku\u0142y sezonowe&#8221; url_new_window=&#8221;off&#8221; use_icon=&#8221;off&#8221; use_circle=&#8221;off&#8221; use_circle_border=&#8221;off&#8221; icon_placement=&#8221;top&#8221; use_icon_font_size=&#8221;off&#8221; background_layout=&#8221;light&#8221; image=&#8221;http:\/\/kador.com.pl\/wp-content\/uploads\/2018\/03\/sezonowe.jpg&#8221; border_radii_image=&#8221;on|20px|20px|20px|20px&#8221; text_orientation=&#8221;center&#8221; header_text_align=&#8221;center&#8221; header_level=&#8221;h1&#8243; box_shadow_style_image=&#8221;preset1&#8243;]<\/p>\n<p style=\"text-align: center;\">W hurtowni KADOR znajd\u0105 Pa\u0144stwo produkty z bran\u017cy po\u0144czoszniczej i bieli\u017aniarskiej zgodne z obowi\u0105zuj\u0105cymi trendami.<\/p>\n<p style=\"text-align: center;\"><strong>B\u0119d\u0105 one wspania\u0142ym uzupe\u0142nieniem stroju.<\/strong><\/p>\n<p>&nbsp;<\/p>\n<p>[\/et_pb_blurb][\/et_pb_column][et_pb_column type=&#8221;1_4&#8243;][et_pb_blurb admin_label=&#8221;Po\u0144czochy&#8221; _builder_version=&#8221;3.0.106&#8243; title=&#8221;Po\u0144czochy&#8221; url_new_window=&#8221;off&#8221; use_icon=&#8221;off&#8221; use_circle=&#8221;off&#8221; use_circle_border=&#8221;off&#8221; icon_placement=&#8221;top&#8221; use_icon_font_size=&#8221;off&#8221; background_layout=&#8221;light&#8221; image=&#8221;http:\/\/kador.com.pl\/wp-content\/uploads\/2018\/03\/ponczochy.jpg&#8221; border_radii_image=&#8221;on|20px|20px|20px|20px&#8221; text_orientation=&#8221;center&#8221; header_text_align=&#8221;center&#8221; header_level=&#8221;h1&#8243; box_shadow_style_image=&#8221;preset1&#8243;]<\/p>\n<p style=\"text-align: center;\">Oferta obejmuje po\u0144czochy, podkolan\u00f3wki , skarpetki i stopki &#8211; produkty elastilowe, ze streczu, lycry, mikrofibry, kabaretki, ciekawe wzory i kolory.<\/p>\n<p>[\/et_pb_blurb][\/et_pb_column][\/et_pb_row][\/et_pb_section][et_pb_section bb_built=&#8221;1&#8243; fullwidth=&#8221;off&#8221; specialty=&#8221;off&#8221; prev_background_color=&#8221;#000000&#8243;][et_pb_row][et_pb_column type=&#8221;4_4&#8243;][et_pb_text _builder_version=&#8221;3.0.106&#8243; background_layout=&#8221;light&#8221; text_orientation=&#8221;center&#8221; header_text_align=&#8221;center&#8221; header_text_color=&#8221;#a83800&#8243; module_id=&#8221;kontakt&#8221;]<\/p>\n<h1>KONTAKT<\/h1>\n<p>[\/et_pb_text][\/et_pb_column][\/et_pb_row][et_pb_row][et_pb_column type=&#8221;1_3&#8243;][et_pb_text _builder_version=&#8221;3.0.106&#8243; background_layout=&#8221;light&#8221;]<\/p>\n<h1><strong>HURTOWNIA KADOR<\/strong><\/h1>\n<p>ul. Zielona 29<br \/>\n26-600 Radom<br \/>\ntel. 48 331 31 45<br \/>\nbiuro@kador.com.pl<\/p>\n<p>(za Czarnieckiego w stron\u0119 Janiszewa)<\/p>\n<p><span style=\"color: #ff0000;\">Prosimy o sprawdzenie czy trafili pa\u0144stwo pod w\u0142a\u015bciwy adres, pozwoli to unikn\u0105\u0107 rozczarowania.<\/span><\/p>\n<p>&nbsp;<\/p>\n<p>[\/et_pb_text][\/et_pb_column][et_pb_column type=&#8221;2_3&#8243;][et_pb_map _builder_version=&#8221;3.0.106&#8243; mouse_wheel=&#8221;on&#8221; mobile_dragging=&#8221;on&#8221; use_grayscale_filter=&#8221;off&#8221; address=&#8221;Zielona, Radom, Polska&#8221; zoom_level=&#8221;17&#8243; address_lat=&#8221;51.4120071654687&#8243; address_lng=&#8221;21.12728764722135&#8243;][et_pb_map_pin _builder_version=&#8221;3.0.106&#8243; title=&#8221;HURTOWNIA KADOR&#8221; pin_address=&#8221;Zielona 29, Radom, Polska&#8221; pin_address_lat=&#8221;51.411859&#8243; pin_address_lng=&#8221;21.12701100000004&#8243;]<\/p>\n<p>ul. Zielona 29<\/p>\n<p>Radom<\/p>\n<p>[\/et_pb_map_pin][\/et_pb_map][\/et_pb_column][\/et_pb_row][\/et_pb_section]<\/p>\n","protected":false},"excerpt":{"rendered":"<p>[et_pb_section bb_built=&#8221;1&#8243; next_background_color=&#8221;#000000&#8243;][et_pb_row][et_pb_column type=&#8221;1_3&#8243;][et_pb_image _builder_version=&#8221;3.0.106&#8243; src=&#8221;http:\/\/kador.com.pl\/wp-content\/uploads\/2018\/03\/stockxpertcom_id55166_size0.jpg&#8221; show_in_lightbox=&#8221;off&#8221; url_new_window=&#8221;off&#8221; use_overlay=&#8221;off&#8221; always_center_on_mobile=&#8221;on&#8221; force_fullwidth=&#8221;off&#8221; show_bottom_space=&#8221;on&#8221; align=&#8221;center&#8221; border_radii=&#8221;on|10px|10px|10px|10px&#8221; \/][\/et_pb_column][et_pb_column type=&#8221;2_3&#8243;][et_pb_text _builder_version=&#8221;3.0.106&#8243; background_layout=&#8221;light&#8221;] Hurtownia KADOR istnieje ju\u017c od przesz\u0142o 20lat, co czyni nas hurtowni\u0105 po\u0144czosznicz\u0105 o najbogatszej tradycji w regionie. Hurtownia powsta\u0142a jako firma rodzinna, kt\u00f3rej misj\u0105 jest Sztuka sprzeda\u017cy pozwalaj\u0105ca naszym odbiorcom na osi\u0105gnie jak najlepszych efekt\u00f3w rynkowych. D\u0142ugoletnim [&hellip;]<\/p>\n","protected":false},"author":1,"featured_media":0,"parent":0,"menu_order":0,"comment_status":"closed","ping_status":"closed","template":"","meta":[],"_links":{"self":[{"href":"http:\/\/kador.com.pl\/index.php\/wp-json\/wp\/v2\/pages\/7"}],"collection":[{"href":"http:\/\/kador.com.pl\/index.php\/wp-json\/wp\/v2\/pages"}],"about":[{"href":"http:\/\/kador.com.pl\/index.php\/wp-json\/wp\/v2\/types\/page"}],"author":[{"embeddable":true,"href":"http:\/\/kador.com.pl\/index.php\/wp-json\/wp\/v2\/users\/1"}],"replies":[{"embeddable":true,"href":"http:\/\/kador.com.pl\/index.php\/wp-json\/wp\/v2\/comments?post=7"}],"version-history":[{"count":17,"href":"http:\/\/kador.com.pl\/index.php\/wp-json\/wp\/v2\/pages\/7\/revisions"}],"predecessor-version":[{"id":62,"href":"http:\/\/kador.com.pl\/index.php\/wp-json\/wp\/v2\/pages\/7\/revisions\/62"}],"wp:attachment":[{"href":"http:\/\/kador.com.pl\/index.php\/wp-json\/wp\/v2\/media?parent=7"}],"curies":[{"name":"wp","href":"https:\/\/api.w.org\/{rel}","templated":true}]}}